{"id":437,"date":"2022-09-27T11:16:55","date_gmt":"2022-09-27T05:16:55","guid":{"rendered":"https:\/\/kumu.kg\/?page_id=437"},"modified":"2024-12-16T10:23:00","modified_gmt":"2024-12-16T04:23:00","slug":"%d0%b0%d0%b4%d0%bc%d0%b8%d0%bd%d0%b8%d1%81%d1%82%d1%80%d0%b0%d1%82%d0%b8%d0%b2%d0%bd%d0%be-%d1%85%d0%be%d0%b7%d1%8f%d0%b9%d1%81%d1%82%d0%b2%d0%b5%d0%bd%d0%bd%d1%8b%d0%b9-%d0%b4%d0%b5%d0%bf%d0%b0%d1%80","status":"publish","type":"page","link":"https:\/\/kumu.kg\/en\/%d0%b0%d0%b4%d0%bc%d0%b8%d0%bd%d0%b8%d1%81%d1%82%d1%80%d0%b0%d1%82%d0%b8%d0%b2%d0%bd%d0%be-%d1%85%d0%be%d0%b7%d1%8f%d0%b9%d1%81%d1%82%d0%b2%d0%b5%d0%bd%d0%bd%d1%8b%d0%b9-%d0%b4%d0%b5%d0%bf%d0%b0%d1%80\/","title":{"rendered":"\u0410\u0434\u043c\u0438\u043d\u0438\u0441\u0442\u0440\u0430\u0442\u0438\u0432\u043d\u043e-\u0445\u043e\u0437\u044f\u0439\u0441\u0442\u0432\u0435\u043d\u043d\u044b\u0439 \u0434\u0435\u043f\u0430\u0440\u0442\u0430\u043c\u0435\u043d\u0442"},"content":{"rendered":"<p><a href=\"https:\/\/i0.wp.com\/kumu.kg\/wp-content\/uploads\/2024\/11\/11.jpg?ssl=1\"><img data-recalc-dims=\"1\" fetchpriority=\"high\" decoding=\"async\" class=\"alignleft wp-image-3602\" src=\"https:\/\/i0.wp.com\/kumu.kg\/wp-content\/uploads\/2024\/11\/11.jpg?resize=207%2C270&amp;ssl=1\" alt=\"\" width=\"207\" height=\"270\" \/><\/a>Full Name:Abdyraimov Kanatbek Mamanovich<\/p>\n<p>Date and Place of Birth:<\/p>\n<p>June 13, 1983, Osh City, T\u00f6l\u00f6yk\u00f6n Village, I. Madumarov Street, House No. 33<\/p>\n<p>Citizenship:Kyrgyz Republic<\/p>\n<p>Ethnicity:Kyrgyz<\/p>\n<p>Contact Information:\u0442Address: Osh City, T\u00f6l\u00f6yk\u00f6n Village, I. Madumarov Street, House No. 33<\/p>\n<p>Phone Numbers: +996\u00a0779 08 73 74, +996\u00a0558 02 01 15<\/p>\n<p>Email: <a href=\"mailto:Akm_83kg@mail.ru\">Akm_83kg@mail.ru<\/a><\/p>\n<p>Education:<\/p>\n<p>2006\u20132007: Osh Kyrgyz-Uzbek University, Faculty of International Relations and International Languages, major in \u00abArabic Language.\u00bb<\/p>\n<p>2004\u20132006: Arab Republic of Egypt, Al-Azhar University, Arabic Literature.<\/p>\n<p>2000\u20132004: Osh Humanities and Pedagogical Institute, Faculty of Oriental Studies.<\/p>\n<p>1990\u20132000: Secondary School named after A. Navoi.<\/p>\n<p>Language Proficiency:<\/p>\n<p>Kyrgyz: Excellent<\/p>\n<p>Russian: High level<\/p>\n<p>Arabic: Conversational<\/p>\n<p>English: Translation with the help of a dictionary<\/p>\n<p>Work Experience:<\/p>\n<p>December 1, 2020 \u2013 Present: Engineer for Technical and Economic Compliance, Department of Administrative Affairs, Kyrgyz-Uzbek International University.<\/p>\n<p>2017\u20132019: HR Specialist, Secretary, and Information Department Employee, Osh City Muslim Religious Authority (Qaziyat).<\/p>\n<p>June 16, 2016 \u2013 August 30, 2017: Lead Specialist, Operational Duty Center for Crisis Management, Ministry of Emergency Situations of the Kyrgyz Republic.<\/p>\n<p>May 16, 2008 \u2013 March 30, 2016: Chief Specialist, Southern Regional Office of the State Commission for Religious Affairs of the Kyrgyz Republic.<\/p>\n<p>&nbsp;<\/p>\n<p>October 1, 2007 \u2013 January 1, 2008: Employee of the \u00abSTLI\u00bb Charitable Foundation, Osh City.<\/p>\n<p>April 15, 2004 \u2013 April 2, 2007: Staff Member, \u00abPodruga\u00bb Public Organization Project.<\/p>\n<p>Additional Education (Courses, Seminars, Trainings, Major Projects):<\/p>\n<p>2015: International Conference on \u00abReducing the Threats of Religious Extremism and Terrorism,\u00bb Islamic Republic of Iran, Tehran.<\/p>\n<p>2013: Participant in the program \u00abThe Role of Religion in Secular Society,\u00bb USA, Michigan, Detroit.<\/p>\n<p>2011: International Conference on \u00abIslam Against Terrorism,\u00bb Turkey, Istanbul.<\/p>\n<p>2010: Member of the Republican Headquarters for Hajj Organization.<\/p>\n<p>Personal Contributions, Scientific Works, Inventions, Publications, and Patents:<\/p>\n<p>Co-author of the book \u00abIslamic Movements.\u00bb<\/p>\n<p>Qualifications and Titles:<\/p>\n<p>State Civil Service Advisor, Class III<\/p>\n<p>Awards:<\/p>\n<p>2013: Honorary Certificate for the 88th Anniversary of the Ministry of Internal Affairs of the Kyrgyz Republic.<\/p>\n<p>2014: Commendation for contributions to combating extremism and terrorism from the Ministry of Internal Affairs of the Kyrgyz Republic.<\/p>\n<p>Additional Skills:<\/p>\n<p>Proficient in Microsoft Office and Excel.<\/p>\n","protected":false},"excerpt":{"rendered":"<p>Full Name:Abdyraimov Kanatbek Mamanovich Date and Place of Birth: June 13, 1983, Osh City, T\u00f6l\u00f6yk\u00f6n Village, I. Madumarov Street, House&hellip; <\/p>\n","protected":false},"author":1,"featured_media":0,"parent":0,"menu_order":0,"comment_status":"closed","ping_status":"closed","template":"","meta":{"footnotes":""},"translation":{"provider":"WPGlobus","version":"3.0.0","language":"en","enabled_languages":["ru","kg","en"],"languages":{"ru":{"title":true,"content":true,"excerpt":false},"kg":{"title":false,"content":true,"excerpt":false},"en":{"title":false,"content":true,"excerpt":false}}},"jetpack_sharing_enabled":true,"_links":{"self":[{"href":"https:\/\/kumu.kg\/en\/wp-json\/wp\/v2\/pages\/437"}],"collection":[{"href":"https:\/\/kumu.kg\/en\/wp-json\/wp\/v2\/pages"}],"about":[{"href":"https:\/\/kumu.kg\/en\/wp-json\/wp\/v2\/types\/page"}],"author":[{"embeddable":true,"href":"https:\/\/kumu.kg\/en\/wp-json\/wp\/v2\/users\/1"}],"replies":[{"embeddable":true,"href":"https:\/\/kumu.kg\/en\/wp-json\/wp\/v2\/comments?post=437"}],"version-history":[{"count":10,"href":"https:\/\/kumu.kg\/en\/wp-json\/wp\/v2\/pages\/437\/revisions"}],"predecessor-version":[{"id":3845,"href":"https:\/\/kumu.kg\/en\/wp-json\/wp\/v2\/pages\/437\/revisions\/3845"}],"wp:attachment":[{"href":"https:\/\/kumu.kg\/en\/wp-json\/wp\/v2\/media?parent=437"}],"curies":[{"name":"wp","href":"https:\/\/api.w.org\/{rel}","templated":true}]}}